{"id":58,"date":"2026-02-02T08:23:51","date_gmt":"2026-02-02T08:23:51","guid":{"rendered":"https:\/\/renovaverde.es\/?page_id=58"},"modified":"2026-02-02T13:18:39","modified_gmt":"2026-02-02T13:18:39","slug":"sobre-nosotros","status":"publish","type":"page","link":"https:\/\/renovaverde.es\/index.php\/sobre-nosotros\/","title":{"rendered":"Sobre Nosotros"},"content":{"rendered":"\t\t<div data-elementor-type=\"wp-page\" data-elementor-id=\"58\" class=\"elementor elementor-58\" data-elementor-post-type=\"page\">\n\t\t\t\t<div class=\"elementor-element elementor-element-cfd2950 e-flex e-con-boxed e-con e-parent\" data-id=\"cfd2950\" data-element_type=\"container\" data-e-type=\"container\" data-settings=\"{&quot;background_background&quot;:&quot;classic&quot;}\">\n\t\t\t\t\t<div class=\"e-con-inner\">\n\t\t<div class=\"elementor-element elementor-element-3a79484d e-con-full e-flex e-con e-child\" data-id=\"3a79484d\" data-element_type=\"container\" data-e-type=\"container\" data-settings=\"{&quot;background_background&quot;:&quot;classic&quot;}\">\n\t\t\t\t<div class=\"elementor-element elementor-element-7bc9587e elementor-invisible elementor-widget elementor-widget-heading\" data-id=\"7bc9587e\" data-element_type=\"widget\" data-e-type=\"widget\" data-settings=\"{&quot;_animation&quot;:&quot;fadeInUp&quot;,&quot;_animation_delay&quot;:200}\" data-widget_type=\"heading.default\">\n\t\t\t\t\t<h1 class=\"elementor-heading-title elementor-size-default\">Sobre Nosotros<\/h1>\t\t\t\t<\/div>\n\t\t\t\t<div class=\"elementor-element elementor-element-3b6ed61b elementor-invisible elementor-widget elementor-widget-heading\" data-id=\"3b6ed61b\" data-element_type=\"widget\" data-e-type=\"widget\" data-settings=\"{&quot;_animation&quot;:&quot;fadeInUp&quot;,&quot;_animation_delay&quot;:300}\" data-widget_type=\"heading.default\">\n\t\t\t\t\t<h4 class=\"elementor-heading-title elementor-size-default\">Energ\u00eda renovable para un mundo sostenible.<\/h4>\t\t\t\t<\/div>\n\t\t\t\t<\/div>\n\t\t\t\t\t<\/div>\n\t\t\t\t<\/div>\n\t\t<div class=\"elementor-element elementor-element-31cb3e11 e-flex e-con-boxed e-con e-parent\" data-id=\"31cb3e11\" data-element_type=\"container\" data-e-type=\"container\">\n\t\t\t\t\t<div class=\"e-con-inner\">\n\t\t<div class=\"elementor-element elementor-element-681c22b e-con-full e-flex elementor-invisible e-con e-child\" data-id=\"681c22b\" data-element_type=\"container\" data-e-type=\"container\" data-settings=\"{&quot;animation&quot;:&quot;fadeInLeft&quot;}\">\n\t\t\t\t<div class=\"elementor-element elementor-element-2ed38a36 elementor-widget elementor-widget-heading\" data-id=\"2ed38a36\" data-element_type=\"widget\" data-e-type=\"widget\" data-widget_type=\"heading.default\">\n\t\t\t\t\t<h2 class=\"elementor-heading-title elementor-size-default\">Soluciones renovables para un mundo sostenible.<\/h2>\t\t\t\t<\/div>\n\t\t\t\t<div class=\"elementor-element elementor-element-56a9065 elementor-widget elementor-widget-heading\" data-id=\"56a9065\" data-element_type=\"widget\" data-e-type=\"widget\" data-widget_type=\"heading.default\">\n\t\t\t\t\t<div class=\"elementor-heading-title elementor-size-default\">Desarrollamos soluciones energ\u00e9ticas sostenibles basadas en innovaci\u00f3n y eficiencia. Aplicamos tecnolog\u00eda renovable para generar impacto positivo y duradero. Nuestro enfoque combina rendimiento, responsabilidad y compromiso ambiental.<\/div>\t\t\t\t<\/div>\n\t\t\t\t<div class=\"elementor-element elementor-element-7b10ba8e elementor-widget elementor-widget-heading\" data-id=\"7b10ba8e\" data-element_type=\"widget\" data-e-type=\"widget\" data-widget_type=\"heading.default\">\n\t\t\t\t\t<div class=\"elementor-heading-title elementor-size-default\">Trabajamos junto a nuestros clientes en cada fase del proyecto. Aportamos experiencia t\u00e9cnica y acompa\u00f1amiento continuo. Nuestro objetivo es facilitar la transici\u00f3n hacia un modelo energ\u00e9tico m\u00e1s limpio y eficiente.<\/div>\t\t\t\t<\/div>\n\t\t\t\t<\/div>\n\t\t<div class=\"elementor-element elementor-element-34110158 e-con-full e-flex e-con e-child\" data-id=\"34110158\" data-element_type=\"container\" data-e-type=\"container\">\n\t\t\t\t<div class=\"elementor-element elementor-element-3bbc618a elementor-invisible elementor-widget elementor-widget-image\" data-id=\"3bbc618a\" data-element_type=\"widget\" data-e-type=\"widget\" data-settings=\"{&quot;_animation&quot;:&quot;fadeInRight&quot;}\" data-widget_type=\"image.default\">\n\t\t\t\t\t\t\t\t\t\t\t\t\t\t\t<img fetchpriority=\"high\" decoding=\"async\" width=\"1280\" height=\"853\" src=\"https:\/\/renovaverde.es\/wp-content\/uploads\/2026\/02\/business-partners-having-a-meeting-with-wind-turbine-engineer.jpg\" class=\"attachment-full size-full wp-image-23\" alt=\"\" srcset=\"https:\/\/renovaverde.es\/wp-content\/uploads\/2026\/02\/business-partners-having-a-meeting-with-wind-turbine-engineer.jpg 1280w, https:\/\/renovaverde.es\/wp-content\/uploads\/2026\/02\/business-partners-having-a-meeting-with-wind-turbine-engineer-300x200.jpg 300w, https:\/\/renovaverde.es\/wp-content\/uploads\/2026\/02\/business-partners-having-a-meeting-with-wind-turbine-engineer-1024x682.jpg 1024w, https:\/\/renovaverde.es\/wp-content\/uploads\/2026\/02\/business-partners-having-a-meeting-with-wind-turbine-engineer-768x512.jpg 768w\" sizes=\"(max-width: 1280px) 100vw, 1280px\" \/>\t\t\t\t\t\t\t\t\t\t\t\t\t\t\t<\/div>\n\t\t<div class=\"elementor-element elementor-element-97106a8 e-con-full e-flex elementor-invisible e-con e-child\" data-id=\"97106a8\" data-element_type=\"container\" data-e-type=\"container\" data-settings=\"{&quot;background_background&quot;:&quot;classic&quot;,&quot;position&quot;:&quot;absolute&quot;,&quot;animation&quot;:&quot;zoomIn&quot;,&quot;animation_delay&quot;:200}\">\n\t\t\t\t<div class=\"elementor-element elementor-element-6a5dea5c elementor-widget elementor-widget-heading\" data-id=\"6a5dea5c\" data-element_type=\"widget\" data-e-type=\"widget\" data-widget_type=\"heading.default\">\n\t\t\t\t\t<div class=\"elementor-heading-title elementor-size-default\">Desde 2010, nuestros clientes han evitado<\/div>\t\t\t\t<\/div>\n\t\t\t\t<div class=\"elementor-element elementor-element-115601f9 elementor-view-default elementor-widget elementor-widget-icon\" data-id=\"115601f9\" data-element_type=\"widget\" data-e-type=\"widget\" data-widget_type=\"icon.default\">\n\t\t\t\t\t\t\t<div class=\"elementor-icon-wrapper\">\n\t\t\t<div class=\"elementor-icon\">\n\t\t\t<i aria-hidden=\"true\" class=\"icon icon-energy-saving\"><\/i>\t\t\t<\/div>\n\t\t<\/div>\n\t\t\t\t\t\t<\/div>\n\t\t\t\t<div class=\"elementor-element elementor-element-17e3f2ec elementor-widget elementor-widget-counter\" data-id=\"17e3f2ec\" data-element_type=\"widget\" data-e-type=\"widget\" data-widget_type=\"counter.default\">\n\t\t\t\t\t\t\t<div class=\"elementor-counter\">\n\t\t\t<div class=\"elementor-counter-title\">LIBRAS DE CO\u2082.<\/div>\t\t\t<div class=\"elementor-counter-number-wrapper\">\n\t\t\t\t<span class=\"elementor-counter-number-prefix\"><\/span>\n\t\t\t\t<span class=\"elementor-counter-number\" data-duration=\"2000\" data-to-value=\"112845311\" data-from-value=\"0\" data-delimiter=\",\">0<\/span>\n\t\t\t\t<span class=\"elementor-counter-number-suffix\">+<\/span>\n\t\t\t<\/div>\n\t\t<\/div>\n\t\t\t\t\t\t<\/div>\n\t\t\t\t<\/div>\n\t\t\t\t<\/div>\n\t\t\t\t\t<\/div>\n\t\t\t\t<\/div>\n\t\t<div class=\"elementor-element elementor-element-27f8a86a e-flex e-con-boxed e-con e-parent\" data-id=\"27f8a86a\" data-element_type=\"container\" data-e-type=\"container\" data-settings=\"{&quot;background_background&quot;:&quot;classic&quot;}\">\n\t\t\t\t\t<div class=\"e-con-inner\">\n\t\t<div class=\"elementor-element elementor-element-4396125d e-con-full e-flex e-con e-child\" data-id=\"4396125d\" data-element_type=\"container\" data-e-type=\"container\">\n\t\t\t\t<div class=\"elementor-element elementor-element-16291840 elementor-invisible elementor-widget elementor-widget-heading\" data-id=\"16291840\" data-element_type=\"widget\" data-e-type=\"widget\" data-settings=\"{&quot;_animation&quot;:&quot;fadeInUp&quot;}\" data-widget_type=\"heading.default\">\n\t\t\t\t\t<div class=\"elementor-heading-title elementor-size-default\">Vive en verde, ama el verde, piensa en verde.<\/div>\t\t\t\t<\/div>\n\t\t\t\t<div class=\"elementor-element elementor-element-5fa372bd elementor-invisible elementor-widget elementor-widget-heading\" data-id=\"5fa372bd\" data-element_type=\"widget\" data-e-type=\"widget\" data-settings=\"{&quot;_animation&quot;:&quot;fadeInUp&quot;,&quot;_animation_delay&quot;:200}\" data-widget_type=\"heading.default\">\n\t\t\t\t\t<div class=\"elementor-heading-title elementor-size-default\">Impulsamos un modelo energ\u00e9tico responsable basado en soluciones limpias, eficientes y pensadas para el futuro.<\/div>\t\t\t\t<\/div>\n\t\t\t\t<div class=\"elementor-element elementor-element-6478b8ed elementor-align-center elementor-invisible elementor-widget elementor-widget-button\" data-id=\"6478b8ed\" data-element_type=\"widget\" data-e-type=\"widget\" data-settings=\"{&quot;_animation&quot;:&quot;fadeInUp&quot;,&quot;_animation_delay&quot;:300}\" data-widget_type=\"button.default\">\n\t\t\t\t\t\t\t\t\t\t<a class=\"elementor-button elementor-button-link elementor-size-sm\" href=\"https:\/\/renovaverde.es\/index.php\/contacto\/\">\n\t\t\t\t\t\t<span class=\"elementor-button-content-wrapper\">\n\t\t\t\t\t\t\t\t\t<span class=\"elementor-button-text\">Contacto<\/span>\n\t\t\t\t\t<\/span>\n\t\t\t\t\t<\/a>\n\t\t\t\t\t\t\t\t<\/div>\n\t\t\t\t<\/div>\n\t\t\t\t\t<\/div>\n\t\t\t\t<\/div>\n\t\t<div class=\"elementor-element elementor-element-145caeff e-flex e-con-boxed e-con e-parent\" data-id=\"145caeff\" data-element_type=\"container\" data-e-type=\"container\">\n\t\t\t\t\t<div class=\"e-con-inner\">\n\t\t<div class=\"elementor-element elementor-element-335fcc3d e-con-full e-flex e-con e-child\" data-id=\"335fcc3d\" data-element_type=\"container\" data-e-type=\"container\">\n\t\t\t\t<div class=\"elementor-element elementor-element-69e9a78c elementor-invisible elementor-widget elementor-widget-image\" data-id=\"69e9a78c\" data-element_type=\"widget\" data-e-type=\"widget\" data-settings=\"{&quot;_animation&quot;:&quot;fadeInRight&quot;}\" data-widget_type=\"image.default\">\n\t\t\t\t\t\t\t\t\t\t\t\t\t\t\t<img decoding=\"async\" width=\"1280\" height=\"854\" src=\"https:\/\/renovaverde.es\/wp-content\/uploads\/2026\/02\/green-ecological-power-energy-generation-wind-sustainable-energy-concept.jpg\" class=\"attachment-full size-full wp-image-42\" alt=\"\" srcset=\"https:\/\/renovaverde.es\/wp-content\/uploads\/2026\/02\/green-ecological-power-energy-generation-wind-sustainable-energy-concept.jpg 1280w, https:\/\/renovaverde.es\/wp-content\/uploads\/2026\/02\/green-ecological-power-energy-generation-wind-sustainable-energy-concept-300x200.jpg 300w, https:\/\/renovaverde.es\/wp-content\/uploads\/2026\/02\/green-ecological-power-energy-generation-wind-sustainable-energy-concept-1024x683.jpg 1024w, https:\/\/renovaverde.es\/wp-content\/uploads\/2026\/02\/green-ecological-power-energy-generation-wind-sustainable-energy-concept-768x512.jpg 768w\" sizes=\"(max-width: 1280px) 100vw, 1280px\" \/>\t\t\t\t\t\t\t\t\t\t\t\t\t\t\t<\/div>\n\t\t<div class=\"elementor-element elementor-element-9edca40 e-con-full e-flex elementor-invisible e-con e-child\" data-id=\"9edca40\" data-element_type=\"container\" data-e-type=\"container\" data-settings=\"{&quot;position&quot;:&quot;absolute&quot;,&quot;animation&quot;:&quot;zoomIn&quot;}\">\n\t\t\t\t<div class=\"elementor-element elementor-element-5b5ae31f elementor-widget elementor-widget-heading\" data-id=\"5b5ae31f\" data-element_type=\"widget\" data-e-type=\"widget\" data-widget_type=\"heading.default\">\n\t\t\t\t\t<div class=\"elementor-heading-title elementor-size-default\">15+<\/div>\t\t\t\t<\/div>\n\t\t\t\t<div class=\"elementor-element elementor-element-75ad8d0f elementor-widget elementor-widget-heading\" data-id=\"75ad8d0f\" data-element_type=\"widget\" data-e-type=\"widget\" data-widget_type=\"heading.default\">\n\t\t\t\t\t<div class=\"elementor-heading-title elementor-size-default\">A\u00f1os de experiencia<\/div>\t\t\t\t<\/div>\n\t\t\t\t<\/div>\n\t\t\t\t<\/div>\n\t\t<div class=\"elementor-element elementor-element-66bad70f e-con-full e-flex elementor-invisible e-con e-child\" data-id=\"66bad70f\" data-element_type=\"container\" data-e-type=\"container\" data-settings=\"{&quot;animation&quot;:&quot;fadeInLeft&quot;}\">\n\t\t\t\t<div class=\"elementor-element elementor-element-3aeb1f24 elementor-widget elementor-widget-heading\" data-id=\"3aeb1f24\" data-element_type=\"widget\" data-e-type=\"widget\" data-widget_type=\"heading.default\">\n\t\t\t\t\t<h2 class=\"elementor-heading-title elementor-size-default\">Toma la decisi\u00f3n inteligente usando energ\u00eda 100% limpia.<\/h2>\t\t\t\t<\/div>\n\t\t\t\t<div class=\"elementor-element elementor-element-53327351 elementor-widget-divider--view-line elementor-widget elementor-widget-divider\" data-id=\"53327351\" data-element_type=\"widget\" data-e-type=\"widget\" data-widget_type=\"divider.default\">\n\t\t\t\t\t\t\t<div class=\"elementor-divider\">\n\t\t\t<span class=\"elementor-divider-separator\">\n\t\t\t\t\t\t<\/span>\n\t\t<\/div>\n\t\t\t\t\t\t<\/div>\n\t\t\t\t<div class=\"elementor-element elementor-element-37429a42 elementor-widget elementor-widget-heading\" data-id=\"37429a42\" data-element_type=\"widget\" data-e-type=\"widget\" data-widget_type=\"heading.default\">\n\t\t\t\t\t<div class=\"elementor-heading-title elementor-size-default\">Ofrecemos soluciones energ\u00e9ticas dise\u00f1adas para optimizar recursos y reducir el impacto ambiental. Apostamos por tecnolog\u00eda limpia, eficiente y adaptada a cada necesidad.<\/div>\t\t\t\t<\/div>\n\t\t\t\t<div class=\"elementor-element elementor-element-7933c36e elementor-view-stacked elementor-position-inline-start elementor-mobile-position-inline-start elementor-shape-circle elementor-widget elementor-widget-icon-box\" data-id=\"7933c36e\" data-element_type=\"widget\" data-e-type=\"widget\" data-widget_type=\"icon-box.default\">\n\t\t\t\t\t\t\t<div class=\"elementor-icon-box-wrapper\">\n\n\t\t\t\t\t\t<div class=\"elementor-icon-box-icon\">\n\t\t\t\t<span  class=\"elementor-icon\">\n\t\t\t\t<i aria-hidden=\"true\" class=\"icon icon-check\"><\/i>\t\t\t\t<\/span>\n\t\t\t<\/div>\n\t\t\t\n\t\t\t\t\t\t<div class=\"elementor-icon-box-content\">\n\n\t\t\t\t\t\t\t\t\t<div class=\"elementor-icon-box-title\">\n\t\t\t\t\t\t<span  >\n\t\t\t\t\t\t\tSoluciones en paneles solares\t\t\t\t\t\t<\/span>\n\t\t\t\t\t<\/div>\n\t\t\t\t\n\t\t\t\t\t\t\t\t\t<p class=\"elementor-icon-box-description\">\n\t\t\t\t\t\tDise\u00f1amos e instalamos sistemas solares eficientes adaptados a cada proyecto.\t\t\t\t\t<\/p>\n\t\t\t\t\n\t\t\t<\/div>\n\t\t\t\n\t\t<\/div>\n\t\t\t\t\t\t<\/div>\n\t\t\t\t<div class=\"elementor-element elementor-element-147b38fe elementor-view-stacked elementor-position-inline-start elementor-mobile-position-inline-start elementor-shape-circle elementor-widget elementor-widget-icon-box\" data-id=\"147b38fe\" data-element_type=\"widget\" data-e-type=\"widget\" data-widget_type=\"icon-box.default\">\n\t\t\t\t\t\t\t<div class=\"elementor-icon-box-wrapper\">\n\n\t\t\t\t\t\t<div class=\"elementor-icon-box-icon\">\n\t\t\t\t<span  class=\"elementor-icon\">\n\t\t\t\t<i aria-hidden=\"true\" class=\"icon icon-check\"><\/i>\t\t\t\t<\/span>\n\t\t\t<\/div>\n\t\t\t\n\t\t\t\t\t\t<div class=\"elementor-icon-box-content\">\n\n\t\t\t\t\t\t\t\t\t<div class=\"elementor-icon-box-title\">\n\t\t\t\t\t\t<span  >\n\t\t\t\t\t\t\tConsultor\u00eda en energ\u00edas renovables\t\t\t\t\t\t<\/span>\n\t\t\t\t\t<\/div>\n\t\t\t\t\n\t\t\t\t\t\t\t\t\t<p class=\"elementor-icon-box-description\">\n\t\t\t\t\t\tAsesoramos de forma personalizada para implementar soluciones energ\u00e9ticas sostenibles.\t\t\t\t\t<\/p>\n\t\t\t\t\n\t\t\t<\/div>\n\t\t\t\n\t\t<\/div>\n\t\t\t\t\t\t<\/div>\n\t\t\t\t<div class=\"elementor-element elementor-element-4d8190bf elementor-view-stacked elementor-position-inline-start elementor-mobile-position-inline-start elementor-shape-circle elementor-widget elementor-widget-icon-box\" data-id=\"4d8190bf\" data-element_type=\"widget\" data-e-type=\"widget\" data-widget_type=\"icon-box.default\">\n\t\t\t\t\t\t\t<div class=\"elementor-icon-box-wrapper\">\n\n\t\t\t\t\t\t<div class=\"elementor-icon-box-icon\">\n\t\t\t\t<span  class=\"elementor-icon\">\n\t\t\t\t<i aria-hidden=\"true\" class=\"icon icon-check\"><\/i>\t\t\t\t<\/span>\n\t\t\t<\/div>\n\t\t\t\n\t\t\t\t\t\t<div class=\"elementor-icon-box-content\">\n\n\t\t\t\t\t\t\t\t\t<div class=\"elementor-icon-box-title\">\n\t\t\t\t\t\t<span  >\n\t\t\t\t\t\t\tSoluciones de eficiencia energ\u00e9tica\t\t\t\t\t\t<\/span>\n\t\t\t\t\t<\/div>\n\t\t\t\t\n\t\t\t\t\t\t\t\t\t<p class=\"elementor-icon-box-description\">\n\t\t\t\t\t\tOptimizamos el consumo energ\u00e9tico para mejorar el rendimiento y reducir costes.\t\t\t\t\t<\/p>\n\t\t\t\t\n\t\t\t<\/div>\n\t\t\t\n\t\t<\/div>\n\t\t\t\t\t\t<\/div>\n\t\t\t\t<\/div>\n\t\t\t\t\t<\/div>\n\t\t\t\t<\/div>\n\t\t\t\t<\/div>\n\t\t","protected":false},"excerpt":{"rendered":"<p>Energ\u00eda renovable para un mundo sostenible. Soluciones renovables para un mundo sostenible. Desarrollamos soluciones energ\u00e9ticas sostenibles basadas en innovaci\u00f3n y eficiencia. Aplicamos tecnolog\u00eda renovable para generar impacto positivo y duradero. Nuestro enfoque combina rendimiento, responsabilidad y compromiso ambiental. Trabajamos junto a nuestros clientes en cada fase del proyecto. Aportamos experiencia t\u00e9cnica y acompa\u00f1amiento continuo. Nuestro [&hellip;]<\/p>\n","protected":false},"author":1,"featured_media":0,"parent":0,"menu_order":0,"comment_status":"closed","ping_status":"closed","template":"elementor_header_footer","meta":{"footnotes":""},"class_list":["post-58","page","type-page","status-publish","hentry"],"_links":{"self":[{"href":"https:\/\/renovaverde.es\/index.php\/wp-json\/wp\/v2\/pages\/58","targetHints":{"allow":["GET"]}}],"collection":[{"href":"https:\/\/renovaverde.es\/index.php\/wp-json\/wp\/v2\/pages"}],"about":[{"href":"https:\/\/renovaverde.es\/index.php\/wp-json\/wp\/v2\/types\/page"}],"author":[{"embeddable":true,"href":"https:\/\/renovaverde.es\/index.php\/wp-json\/wp\/v2\/users\/1"}],"replies":[{"embeddable":true,"href":"https:\/\/renovaverde.es\/index.php\/wp-json\/wp\/v2\/comments?post=58"}],"version-history":[{"count":46,"href":"https:\/\/renovaverde.es\/index.php\/wp-json\/wp\/v2\/pages\/58\/revisions"}],"predecessor-version":[{"id":141,"href":"https:\/\/renovaverde.es\/index.php\/wp-json\/wp\/v2\/pages\/58\/revisions\/141"}],"wp:attachment":[{"href":"https:\/\/renovaverde.es\/index.php\/wp-json\/wp\/v2\/media?parent=58"}],"curies":[{"name":"wp","href":"https:\/\/api.w.org\/{rel}","templated":true}]}}