{"id":193,"date":"2026-02-02T14:30:01","date_gmt":"2026-02-02T14:30:01","guid":{"rendered":"https:\/\/renovaverde.es\/?page_id=193"},"modified":"2026-02-02T14:31:02","modified_gmt":"2026-02-02T14:31:02","slug":"politica-de-cookies","status":"publish","type":"page","link":"https:\/\/renovaverde.es\/index.php\/politica-de-cookies\/","title":{"rendered":"Pol\u00edtica de cookies"},"content":{"rendered":"\t\t<div data-elementor-type=\"wp-page\" data-elementor-id=\"193\" class=\"elementor elementor-193\" data-elementor-post-type=\"page\">\n\t\t\t\t<div class=\"elementor-element elementor-element-92774ed e-flex e-con-boxed e-con e-parent\" data-id=\"92774ed\" data-element_type=\"container\" data-e-type=\"container\">\n\t\t\t\t\t<div class=\"e-con-inner\">\n\t\t\t\t<div class=\"elementor-element elementor-element-d31b943 elementor-widget elementor-widget-heading\" data-id=\"d31b943\" data-element_type=\"widget\" data-e-type=\"widget\" data-widget_type=\"heading.default\">\n\t\t\t\t\t<h2 class=\"elementor-heading-title elementor-size-default\">Pol\u00edtica de cookies<\/h2>\t\t\t\t<\/div>\n\t\t\t\t<div class=\"elementor-element elementor-element-46bbb28 elementor-widget elementor-widget-heading\" data-id=\"46bbb28\" data-element_type=\"widget\" data-e-type=\"widget\" data-widget_type=\"heading.default\">\n\t\t\t\t\t<h4 class=\"elementor-heading-title elementor-size-default\">Informaci\u00f3n al usuario<\/h4>\t\t\t\t<\/div>\n\t\t\t\t<div class=\"elementor-element elementor-element-24c464b elementor-widget elementor-widget-text-editor\" data-id=\"24c464b\" data-element_type=\"widget\" data-e-type=\"widget\" data-widget_type=\"text-editor.default\">\n\t\t\t\t\t\t\t\t\t<p>Conforme con la Ley 34\/2002, de 11 de julio, de servicios de la sociedad de la informaci\u00f3n y de comercio electr\u00f3nico (LSSI), en relaci\u00f3n con el Reglamento (UE) 2016\/679 del Parlamento Europeo y del Consejo, de 27 de abril de 2016, General de Protecci\u00f3n de Datos (GDPR) y la Ley Org\u00e1nica 3\/2018, de 5 de diciembre, de Protecci\u00f3n de Datos y Garant\u00eda de los Derechos Digitales (LOPDGDD), es obligado obtener el consentimiento expreso del usuario de todas las p\u00e1ginas web que usan cookies prescindibles, antes de que este navegue por ellas.<\/p>\t\t\t\t\t\t\t\t<\/div>\n\t\t\t\t<div class=\"elementor-element elementor-element-5ec24bc elementor-widget elementor-widget-heading\" data-id=\"5ec24bc\" data-element_type=\"widget\" data-e-type=\"widget\" data-widget_type=\"heading.default\">\n\t\t\t\t\t<h4 class=\"elementor-heading-title elementor-size-default\">\u00bfQu\u00e9 son las Cookies?<\/h4>\t\t\t\t<\/div>\n\t\t\t\t<div class=\"elementor-element elementor-element-5cefa85 elementor-widget elementor-widget-text-editor\" data-id=\"5cefa85\" data-element_type=\"widget\" data-e-type=\"widget\" data-widget_type=\"text-editor.default\">\n\t\t\t\t\t\t\t\t\t<div class=\"elementor-element elementor-element-0262cd6 elementor-widget elementor-widget-text-editor\" data-id=\"0262cd6\" data-element_type=\"widget\" data-widget_type=\"text-editor.default\"><div class=\"elementor-widget-container\"><p>Las cookies y otras tecnolog\u00edas similares tales como local shared objects, flash cookies o p\u00edxeles, son herramientas empleadas por los servidores Web para almacenar y recuperar informaci\u00f3n acerca de sus visitantes, as\u00ed como para ofrecer un correcto funcionamiento del sitio.<\/p><\/div><\/div><div class=\"elementor-element elementor-element-f68849e elementor-widget elementor-widget-text-editor\" data-id=\"f68849e\" data-element_type=\"widget\" data-widget_type=\"text-editor.default\"><div class=\"elementor-widget-container\"><p>Mediante el uso de estos dispositivos se permite al servidor Web recordar algunos datos concernientes al usuario, como sus preferencias para la visualizaci\u00f3n de las p\u00e1ginas de ese servidor, nombre y contrase\u00f1a, productos que m\u00e1s le interesan, etc.<\/p><\/div><\/div>\t\t\t\t\t\t\t\t<\/div>\n\t\t\t\t<div class=\"elementor-element elementor-element-085a705 elementor-widget elementor-widget-heading\" data-id=\"085a705\" data-element_type=\"widget\" data-e-type=\"widget\" data-widget_type=\"heading.default\">\n\t\t\t\t\t<h4 class=\"elementor-heading-title elementor-size-default\">Protecci\u00f3n de datos de car\u00e1cter personalCookies afectadas por la normativa y Cookies exceptuadas\u200b<\/h4>\t\t\t\t<\/div>\n\t\t\t\t<div class=\"elementor-element elementor-element-abd8588 elementor-widget elementor-widget-text-editor\" data-id=\"abd8588\" data-element_type=\"widget\" data-e-type=\"widget\" data-widget_type=\"text-editor.default\">\n\t\t\t\t\t\t\t\t\t<div class=\"elementor-element elementor-element-9a10f18 elementor-widget elementor-widget-text-editor\" data-id=\"9a10f18\" data-element_type=\"widget\" data-widget_type=\"text-editor.default\"><div class=\"elementor-widget-container\"><p>Seg\u00fan la directiva de la UE, las cookies que requieren el consentimiento informado por parte del usuario son las cookies de anal\u00edtica y las de publicidad y afiliaci\u00f3n, quedando exceptuadas las de car\u00e1cter t\u00e9cnico y las necesarias para el funcionamiento del sitio web o la prestaci\u00f3n de servicios expresamente solicitados por el usuario.<\/p><\/div><\/div>\t\t\t\t\t\t\t\t<\/div>\n\t\t\t\t<div class=\"elementor-element elementor-element-988d124 elementor-widget elementor-widget-heading\" data-id=\"988d124\" data-element_type=\"widget\" data-e-type=\"widget\" data-widget_type=\"heading.default\">\n\t\t\t\t\t<h4 class=\"elementor-heading-title elementor-size-default\">Tipos de cookies<\/h4>\t\t\t\t<\/div>\n\t\t\t\t<div class=\"elementor-element elementor-element-ae8f3ca elementor-widget elementor-widget-text-editor\" data-id=\"ae8f3ca\" data-element_type=\"widget\" data-e-type=\"widget\" data-widget_type=\"text-editor.default\">\n\t\t\t\t\t\t\t\t\t<div class=\"elementor-element elementor-element-9a10f18 elementor-widget elementor-widget-text-editor\" data-id=\"9a10f18\" data-element_type=\"widget\" data-widget_type=\"text-editor.default\"><div class=\"elementor-widget-container\"><div class=\"elementor-element elementor-element-9a10f18 elementor-widget elementor-widget-text-editor\" data-id=\"9a10f18\" data-element_type=\"widget\" data-widget_type=\"text-editor.default\"><div class=\"elementor-widget-container\"><p><strong>Seg\u00fan la finalidad:<\/strong><\/p><ul><li>Cookies t\u00e9cnicas y funcionales:\u00a0son aquellas que permiten al usuario la navegaci\u00f3n a trav\u00e9s de una p\u00e1gina web, plataforma o aplicaci\u00f3n y la utilizaci\u00f3n de las diferentes opciones o servicios que en ella existan.<\/li><li>Cookies anal\u00edticas:\u00a0son aquellas que permiten al responsable de las mismas el seguimiento y an\u00e1lisis del comportamiento de los usuarios de los sitios web a los que est\u00e1n vinculadas. La informaci\u00f3n recogida mediante este tipo de cookies se utiliza en la medici\u00f3n de la actividad de los sitios web, aplicaci\u00f3n o plataforma y para la elaboraci\u00f3n de perfiles de navegaci\u00f3n de los usuarios de dichos sitios, aplicaciones y plataformas, con el fin de introducir mejoras en funci\u00f3n del an\u00e1lisis de los datos de uso que hacen los usuarios del servicio.<\/li><li>Cookies publicitarias:\u00a0son aquellas que permiten la gesti\u00f3n, de la forma m\u00e1s eficaz posible, de los espacios publicitarios que, en su caso, el editor haya incluido en una p\u00e1gina web, aplicaci\u00f3n o plataforma desde la que presta el servicio solicitado en base a criterios como el contenido editado o la frecuencia en la que se muestran los anuncios.<\/li><li>Cookies de publicidad comportamental:\u00a0recogen informaci\u00f3n sobre las preferencias y elecciones personales del usuario (retargeting) para permitir la gesti\u00f3n, de la forma m\u00e1s eficaz posible, de los espacios publicitarios que, en su caso, el editor haya incluido en una p\u00e1gina web, aplicaci\u00f3n o plataforma desde la que presta el servicio solicitado.<\/li><li>Cookies sociales:\u00a0son establecidas por las plataformas de redes sociales en los servicios para permitirle compartir contenido con sus amigos y redes. Las plataformas de medios sociales tienen la capacidad de rastrear su actividad en l\u00ednea fuera de los Servicios. Esto puede afectar al contenido y los mensajes que ve en otros servicios que visita.<\/li><li>Cookies de afiliados:\u00a0permiten hacer un seguimiento de las visitas procedentes de otras webs, con las que el sitio web establece un contrato de afiliaci\u00f3n (empresas de afiliaci\u00f3n).<\/li><li>Cookies de seguridad:\u00a0almacenan informaci\u00f3n cifrada para evitar que los datos guardados en ellas sean vulnerables a ataques maliciosos de terceros.<\/li><\/ul><\/div><\/div><div class=\"elementor-element elementor-element-ce1e171 elementor-widget elementor-widget-text-editor\" data-id=\"ce1e171\" data-element_type=\"widget\" data-widget_type=\"text-editor.default\"><div class=\"elementor-widget-container\"><p><strong>Seg\u00fan la propiedad:<\/strong><\/p><ul><li>Cookies propias:\u00a0son aquellas que se env\u00edan al equipo terminal del usuario desde un equipo o dominio gestionado por el propio editor y desde el que se presta el servicio solicitado por el usuario.<\/li><li>Cookies de terceros:\u00a0son aquellas que se env\u00edan al equipo terminal del usuario desde un equipo o dominio que no es gestionado por el editor, sino por otra entidad que trata los datos obtenidos trav\u00e9s de las cookies.<\/li><\/ul><\/div><\/div><div class=\"elementor-element elementor-element-1f8833d elementor-widget elementor-widget-text-editor\" data-id=\"1f8833d\" data-element_type=\"widget\" data-widget_type=\"text-editor.default\"><div class=\"elementor-widget-container\"><p><strong>Seg\u00fan el plazo de conservaci\u00f3n:<\/strong><\/p><ul><li>Cookies de sesi\u00f3n:\u00a0son un tipo de cookies dise\u00f1adas para recabar y almacenar datos mientras el usuario accede a una p\u00e1gina web.<\/li><li>Cookies persistentes:\u00a0son un tipo de cookies en el que los datos siguen almacenados en el terminal y pueden ser accedidos y tratados durante un per\u00edodo definido por el responsable de la cookie, y que puede ir de unos minutos a varios a\u00f1os.<\/li><\/ul><\/div><\/div><\/div><\/div>\t\t\t\t\t\t\t\t<\/div>\n\t\t\t\t\t<\/div>\n\t\t\t\t<\/div>\n\t\t\t\t<\/div>\n\t\t","protected":false},"excerpt":{"rendered":"<p>Pol\u00edtica de cookies Informaci\u00f3n al usuario Conforme con la Ley 34\/2002, de 11 de julio, de servicios de la sociedad de la informaci\u00f3n y de comercio electr\u00f3nico (LSSI), en relaci\u00f3n con el Reglamento (UE) 2016\/679 del Parlamento Europeo y del Consejo, de 27 de abril de 2016, General de Protecci\u00f3n de Datos (GDPR) y la [&hellip;]<\/p>\n","protected":false},"author":1,"featured_media":0,"parent":0,"menu_order":0,"comment_status":"closed","ping_status":"closed","template":"","meta":{"footnotes":""},"class_list":["post-193","page","type-page","status-publish","hentry"],"_links":{"self":[{"href":"https:\/\/renovaverde.es\/index.php\/wp-json\/wp\/v2\/pages\/193","targetHints":{"allow":["GET"]}}],"collection":[{"href":"https:\/\/renovaverde.es\/index.php\/wp-json\/wp\/v2\/pages"}],"about":[{"href":"https:\/\/renovaverde.es\/index.php\/wp-json\/wp\/v2\/types\/page"}],"author":[{"embeddable":true,"href":"https:\/\/renovaverde.es\/index.php\/wp-json\/wp\/v2\/users\/1"}],"replies":[{"embeddable":true,"href":"https:\/\/renovaverde.es\/index.php\/wp-json\/wp\/v2\/comments?post=193"}],"version-history":[{"count":4,"href":"https:\/\/renovaverde.es\/index.php\/wp-json\/wp\/v2\/pages\/193\/revisions"}],"predecessor-version":[{"id":197,"href":"https:\/\/renovaverde.es\/index.php\/wp-json\/wp\/v2\/pages\/193\/revisions\/197"}],"wp:attachment":[{"href":"https:\/\/renovaverde.es\/index.php\/wp-json\/wp\/v2\/media?parent=193"}],"curies":[{"name":"wp","href":"https:\/\/api.w.org\/{rel}","templated":true}]}}