{"id":188,"date":"2026-02-02T14:25:14","date_gmt":"2026-02-02T14:25:14","guid":{"rendered":"https:\/\/renovaverde.es\/?page_id=188"},"modified":"2026-02-02T14:29:20","modified_gmt":"2026-02-02T14:29:20","slug":"aviso-legal","status":"publish","type":"page","link":"https:\/\/renovaverde.es\/index.php\/aviso-legal\/","title":{"rendered":"Aviso Legal"},"content":{"rendered":"\t\t<div data-elementor-type=\"wp-page\" data-elementor-id=\"188\" class=\"elementor elementor-188\" data-elementor-post-type=\"page\">\n\t\t\t\t<div class=\"elementor-element elementor-element-92774ed e-flex e-con-boxed e-con e-parent\" data-id=\"92774ed\" data-element_type=\"container\" data-e-type=\"container\">\n\t\t\t\t\t<div class=\"e-con-inner\">\n\t\t\t\t<div class=\"elementor-element elementor-element-d31b943 elementor-widget elementor-widget-heading\" data-id=\"d31b943\" data-element_type=\"widget\" data-e-type=\"widget\" data-widget_type=\"heading.default\">\n\t\t\t\t\t<h2 class=\"elementor-heading-title elementor-size-default\">Aviso Legal<\/h2>\t\t\t\t<\/div>\n\t\t\t\t<div class=\"elementor-element elementor-element-71fc764 elementor-widget elementor-widget-text-editor\" data-id=\"71fc764\" data-element_type=\"widget\" data-e-type=\"widget\" data-widget_type=\"text-editor.default\">\n\t\t\t\t\t\t\t\t\t<p>En cumplimiento de la Ley 34\/2002, de 11 de Julio, de Servicios de la Sociedad de la Informaci\u00f3n y del Comercio Electr\u00f3nico le comunicamos la siguiente informaci\u00f3n:<\/p>\t\t\t\t\t\t\t\t<\/div>\n\t\t\t\t<div class=\"elementor-element elementor-element-46bbb28 elementor-widget elementor-widget-heading\" data-id=\"46bbb28\" data-element_type=\"widget\" data-e-type=\"widget\" data-widget_type=\"heading.default\">\n\t\t\t\t\t<h4 class=\"elementor-heading-title elementor-size-default\">Titular de este sitio:<\/h4>\t\t\t\t<\/div>\n\t\t\t\t<div class=\"elementor-element elementor-element-24c464b elementor-widget elementor-widget-text-editor\" data-id=\"24c464b\" data-element_type=\"widget\" data-e-type=\"widget\" data-widget_type=\"text-editor.default\">\n\t\t\t\t\t\t\t\t\t<p><strong>Monesterio Renovables<\/strong><\/p><ul><li>Direcci\u00f3n: Avenida pocito de las nieves<\/li><li>Tel\u00e9fono: +34 983 455 235<\/li><li>Correo electr\u00f3nico: info@renovaverde.es<\/li><\/ul><p>La utilizaci\u00f3n del contenido y\/o servicios del portal por parte del usuario supone la aceptaci\u00f3n expresa de las siguientes condiciones:<\/p>\t\t\t\t\t\t\t\t<\/div>\n\t\t\t\t<div class=\"elementor-element elementor-element-5ec24bc elementor-widget elementor-widget-heading\" data-id=\"5ec24bc\" data-element_type=\"widget\" data-e-type=\"widget\" data-widget_type=\"heading.default\">\n\t\t\t\t\t<h4 class=\"elementor-heading-title elementor-size-default\">Condiciones de uso del portal<\/h4>\t\t\t\t<\/div>\n\t\t\t\t<div class=\"elementor-element elementor-element-5cefa85 elementor-widget elementor-widget-text-editor\" data-id=\"5cefa85\" data-element_type=\"widget\" data-e-type=\"widget\" data-widget_type=\"text-editor.default\">\n\t\t\t\t\t\t\t\t\t<p data-start=\"156\" data-end=\"525\"><strong data-start=\"156\" data-end=\"181\">MONESTERIO RENOVABLES<\/strong> se reserva el derecho de efectuar modificaciones en el contenido de este portal sin previo aviso, as\u00ed como de su configuraci\u00f3n y presentaci\u00f3n. Este portal puede contener enlaces a p\u00e1ginas externas, no siendo <strong data-start=\"390\" data-end=\"415\">MONESTERIO RENOVABLES<\/strong> responsable del contenido de dichas p\u00e1ginas externas ni de cualquier otro aspecto relacionado con las mismas.<\/p><p data-start=\"527\" data-end=\"649\">Los textos, im\u00e1genes, logotipos y resto de contenidos incluidos en este portal son propiedad de <strong data-start=\"623\" data-end=\"648\">MONESTERIO RENOVABLES<\/strong>.<\/p><p data-start=\"651\" data-end=\"861\">Queda prohibida la transmisi\u00f3n, distribuci\u00f3n, reproducci\u00f3n o almacenamiento, total o parcial, excepto si se obtiene el previo consentimiento de <strong data-start=\"795\" data-end=\"820\">MONESTERIO RENOVABLES<\/strong>, y salvo cuando se indique lo contrario.<\/p><p data-start=\"863\" data-end=\"1100\">Para poder instalar o utilizar cualquier software que se encuentre disponible para su descarga desde este portal, deben aceptarse previamente los t\u00e9rminos del contrato de licencia, si lo hubiera, que acompa\u00f1e o se incluya en el software.<\/p><p data-start=\"1102\" data-end=\"1476\"><strong data-start=\"1102\" data-end=\"1127\">MONESTERIO RENOVABLES<\/strong> no se hace responsable de los posibles da\u00f1os que se pudieran producir por el hecho de utilizar versiones no actualizadas de navegadores, o de las consecuencias que se pudieran derivar del mal funcionamiento del navegador, ya sea por configuraci\u00f3n inadecuada, presencia de virus inform\u00e1ticos o cualquier otra causa ajena a <strong data-start=\"1450\" data-end=\"1475\">MONESTERIO RENOVABLES<\/strong>.<\/p>\t\t\t\t\t\t\t\t<\/div>\n\t\t\t\t<div class=\"elementor-element elementor-element-085a705 elementor-widget elementor-widget-heading\" data-id=\"085a705\" data-element_type=\"widget\" data-e-type=\"widget\" data-widget_type=\"heading.default\">\n\t\t\t\t\t<h4 class=\"elementor-heading-title elementor-size-default\">Protecci\u00f3n de datos de car\u00e1cter personal<\/h4>\t\t\t\t<\/div>\n\t\t\t\t<div class=\"elementor-element elementor-element-abd8588 elementor-widget elementor-widget-text-editor\" data-id=\"abd8588\" data-element_type=\"widget\" data-e-type=\"widget\" data-widget_type=\"text-editor.default\">\n\t\t\t\t\t\t\t\t\t<div class=\"elementor-element elementor-element-9a10f18 elementor-widget elementor-widget-text-editor\" data-id=\"9a10f18\" data-element_type=\"widget\" data-widget_type=\"text-editor.default\"><div class=\"elementor-widget-container\"><p data-start=\"155\" data-end=\"288\">En cumplimiento de la Ley Org\u00e1nica 3\/2018, de 5 de diciembre, de Protecci\u00f3n de Datos Personales y garant\u00eda de los derechos digitales,<\/p><p data-start=\"290\" data-end=\"640\"><strong data-start=\"290\" data-end=\"315\">MONESTERIO RENOVABLES<\/strong> le informa que los datos de car\u00e1cter personal que nos proporcione al cumplimentar alg\u00fan formulario de inscripci\u00f3n, solicitud o consulta que aparezca en la presente Web, ser\u00e1n objeto de tratamiento y recogidos en una actividad de tratamiento de datos (denominada \u201cUSUARIOS WEB\u201d) cuyo responsable es <strong data-start=\"614\" data-end=\"639\">MONESTERIO RENOVABLES<\/strong>.<\/p><p data-start=\"642\" data-end=\"946\">Para ejercer sus derechos de acceso, rectificaci\u00f3n, oposici\u00f3n, supresi\u00f3n, portabilidad y limitaci\u00f3n al tratamiento de sus datos personales, en los t\u00e9rminos y condiciones previstas en la propia normativa vigente en materia de protecci\u00f3n de datos, puede comunicarlo por escrito a <strong data-start=\"920\" data-end=\"945\">MONESTERIO RENOVABLES<\/strong>.<\/p><p data-start=\"948\" data-end=\"1123\">La recogida de sus datos de car\u00e1cter personal se lleva a cabo con la finalidad principal de poder ofrecer y prestarle los productos y\/o servicios ofrecidos en la presente web.<\/p><p data-start=\"1125\" data-end=\"1262\"><strong data-start=\"1125\" data-end=\"1150\">MONESTERIO RENOVABLES<\/strong> har\u00e1 uso de los datos de car\u00e1cter personal facilitados por usted exclusivamente para las finalidades indicadas.<\/p><p data-start=\"1264\" data-end=\"1423\">No compartimos la informaci\u00f3n suministrada con terceros salvo exigencia legal o de procedimientos legales, y en ning\u00fan caso, vendemos este tipo de informaci\u00f3n.<\/p><p data-start=\"1425\" data-end=\"1823\"><strong data-start=\"1425\" data-end=\"1450\">MONESTERIO RENOVABLES<\/strong> le informa que tiene implantadas las medidas de seguridad de \u00edndole t\u00e9cnica y organizativas necesarias que garanticen la seguridad de sus datos de car\u00e1cter personal y eviten su alteraci\u00f3n, p\u00e9rdida, tratamiento y\/o acceso no autorizado, seg\u00fan lo dispuesto en la Ley Org\u00e1nica 3\/2018, de 5 de diciembre, de Protecci\u00f3n de Datos Personales y garant\u00eda de los derechos digitales.<\/p><\/div><\/div>\t\t\t\t\t\t\t\t<\/div>\n\t\t\t\t<div class=\"elementor-element elementor-element-988d124 elementor-widget elementor-widget-heading\" data-id=\"988d124\" data-element_type=\"widget\" data-e-type=\"widget\" data-widget_type=\"heading.default\">\n\t\t\t\t\t<h4 class=\"elementor-heading-title elementor-size-default\">Legislaci\u00f3n aplicable y jurisdicci\u00f3n<\/h4>\t\t\t\t<\/div>\n\t\t\t\t<div class=\"elementor-element elementor-element-ae8f3ca elementor-widget elementor-widget-text-editor\" data-id=\"ae8f3ca\" data-element_type=\"widget\" data-e-type=\"widget\" data-widget_type=\"text-editor.default\">\n\t\t\t\t\t\t\t\t\t<div class=\"elementor-element elementor-element-9a10f18 elementor-widget elementor-widget-text-editor\" data-id=\"9a10f18\" data-element_type=\"widget\" data-widget_type=\"text-editor.default\"><div class=\"elementor-widget-container\"><p>Este Aviso Legal se rige en todos y cada uno de sus extremos por la ley espa\u00f1ola, siendo competentes para la resoluci\u00f3n de cualquier conflicto derivado o relacionado con el uso de este portal a los Juzgados y Tribunales de Valladolid.<\/p><\/div><\/div>\t\t\t\t\t\t\t\t<\/div>\n\t\t\t\t\t<\/div>\n\t\t\t\t<\/div>\n\t\t\t\t<\/div>\n\t\t","protected":false},"excerpt":{"rendered":"<p>Aviso Legal En cumplimiento de la Ley 34\/2002, de 11 de Julio, de Servicios de la Sociedad de la Informaci\u00f3n y del Comercio Electr\u00f3nico le comunicamos la siguiente informaci\u00f3n: Titular de este sitio: Monesterio Renovables Direcci\u00f3n: Avenida pocito de las nieves Tel\u00e9fono: +34 983 455 235 Correo electr\u00f3nico: info@renovaverde.es La utilizaci\u00f3n del contenido y\/o servicios [&hellip;]<\/p>\n","protected":false},"author":1,"featured_media":0,"parent":0,"menu_order":0,"comment_status":"closed","ping_status":"closed","template":"","meta":{"footnotes":""},"class_list":["post-188","page","type-page","status-publish","hentry"],"_links":{"self":[{"href":"https:\/\/renovaverde.es\/index.php\/wp-json\/wp\/v2\/pages\/188","targetHints":{"allow":["GET"]}}],"collection":[{"href":"https:\/\/renovaverde.es\/index.php\/wp-json\/wp\/v2\/pages"}],"about":[{"href":"https:\/\/renovaverde.es\/index.php\/wp-json\/wp\/v2\/types\/page"}],"author":[{"embeddable":true,"href":"https:\/\/renovaverde.es\/index.php\/wp-json\/wp\/v2\/users\/1"}],"replies":[{"embeddable":true,"href":"https:\/\/renovaverde.es\/index.php\/wp-json\/wp\/v2\/comments?post=188"}],"version-history":[{"count":4,"href":"https:\/\/renovaverde.es\/index.php\/wp-json\/wp\/v2\/pages\/188\/revisions"}],"predecessor-version":[{"id":192,"href":"https:\/\/renovaverde.es\/index.php\/wp-json\/wp\/v2\/pages\/188\/revisions\/192"}],"wp:attachment":[{"href":"https:\/\/renovaverde.es\/index.php\/wp-json\/wp\/v2\/media?parent=188"}],"curies":[{"name":"wp","href":"https:\/\/api.w.org\/{rel}","templated":true}]}}